{"id":4138,"date":"2023-11-08T18:21:46","date_gmt":"2023-11-08T17:21:46","guid":{"rendered":"https:\/\/intemares.entorno-desarrollo.es\/acciones-de-comunicacion-sensibilizacion-y-educacion-ambiental\/"},"modified":"2024-01-06T18:41:54","modified_gmt":"2024-01-06T17:41:54","slug":"acciones-de-comunicacion-sensibilizacion-y-educacion-ambiental","status":"publish","type":"page","link":"https:\/\/intemares.entorno-desarrollo.es\/en\/acciones-de-comunicacion-sensibilizacion-y-educacion-ambiental\/","title":{"rendered":"Acciones de comunicaci\u00f3n, sensibilizaci\u00f3n y educaci\u00f3n ambiental"},"content":{"rendered":"","protected":false},"excerpt":{"rendered":"","protected":false},"author":1,"featured_media":0,"parent":0,"menu_order":0,"comment_status":"closed","ping_status":"closed","template":"page-templates\/acciones-comunicacion.php","meta":{"footnotes":""},"class_list":["post-4138","page","type-page","status-publish","hentry"],"acf":[],"_links":{"self":[{"href":"https:\/\/intemares.entorno-desarrollo.es\/en\/wp-json\/wp\/v2\/pages\/4138","targetHints":{"allow":["GET"]}}],"collection":[{"href":"https:\/\/intemares.entorno-desarrollo.es\/en\/wp-json\/wp\/v2\/pages"}],"about":[{"href":"https:\/\/intemares.entorno-desarrollo.es\/en\/wp-json\/wp\/v2\/types\/page"}],"author":[{"embeddable":true,"href":"https:\/\/intemares.entorno-desarrollo.es\/en\/wp-json\/wp\/v2\/users\/1"}],"replies":[{"embeddable":true,"href":"https:\/\/intemares.entorno-desarrollo.es\/en\/wp-json\/wp\/v2\/comments?post=4138"}],"version-history":[{"count":2,"href":"https:\/\/intemares.entorno-desarrollo.es\/en\/wp-json\/wp\/v2\/pages\/4138\/revisions"}],"predecessor-version":[{"id":5818,"href":"https:\/\/intemares.entorno-desarrollo.es\/en\/wp-json\/wp\/v2\/pages\/4138\/revisions\/5818"}],"wp:attachment":[{"href":"https:\/\/intemares.entorno-desarrollo.es\/en\/wp-json\/wp\/v2\/media?parent=4138"}],"curies":[{"name":"wp","href":"https:\/\/api.w.org\/{rel}","templated":true}]}}